{"id":1373,"date":"2017-10-24T23:06:07","date_gmt":"2017-10-24T21:06:07","guid":{"rendered":"http:\/\/suleko.com\/?page_id=1373"},"modified":"2018-04-12T11:53:44","modified_gmt":"2018-04-12T09:53:44","slug":"midi-eternel","status":"publish","type":"page","link":"https:\/\/suleko.com\/?page_id=1373","title":{"rendered":"Midi Eternel"},"content":{"rendered":"<p style=\"text-align: justify;\"><strong>Midi Eternel s&rsquo;inscrit dans l&rsquo;univers de SUL\u00c9K\u00d3 \u00c9T\u00c9. C&rsquo;est un parfum d&rsquo;int\u00e9rieur r\u00e9miniscence du Midi de la France, il raconte une promenade:<\/strong><br \/>\n<em>\u00ab\u00a0Par une chaude apr\u00e8s-midi d\u2019\u00e9t\u00e9, je m\u2019en vais en promenade par un sentier longeant le littoral. Je marche seule, berc\u00e9e par le chant des cigales, le vent dans les pins et les vagues de la mer.<\/em><br \/>\n<em> Je m\u2019assieds un instant sur les grandes roches calcaires parsem\u00e9es de Cristes Marines vert vif. Je frotte les petites fleurs de Cristes entre les doigts : une note verte de\u00a0<strong>galbanum<\/strong>, l\u2019amertume de l\u2019\u00e9corce d\u2019un\u00a0<strong>citron<\/strong>, sa p\u00e9tillante fraicheur se m\u00ealent aux notes\u00a0<strong>min\u00e9rales<\/strong>\u00a0et\u00a0<strong>sal\u00e9es<\/strong>\u00a0des roches calcaires profond\u00e9ment ancr\u00e9es dans\u00a0<strong>la mer.<\/strong><\/em><br \/>\n<em> Reprenant le sentier, je m\u2019enfonce dans le maquis\u00a0:<strong>\u00a0romarin<\/strong>,\u00a0<strong>thym<\/strong>,\u00a0<strong>myrte<\/strong>,\u00a0<strong>ciste<\/strong>\u00a0passent entre mes doigts et parfument mes mains de leurs notes s\u00e8ches et camphr\u00e9es.<\/em><br \/>\n<em> Progressivement, le maquis aromatique laisse place aux premiers pins. Je ramasse une\u00a0<strong>pomme de pin<\/strong>\u00a0et sa\u00a0<strong>r\u00e9sine<\/strong>\u00a0se colle a\u0300 mes doigts \u2013 les notes\u00a0<strong>citronn\u00e9es<\/strong>\u00a0et\u00a0<strong>encens<\/strong>\u00a0de sa r\u00e9sine se m\u00ealent aux notes bois\u00e9es de son\u00a0<strong>\u00e9corce<\/strong>.<\/em><br \/>\n<em> Je m\u2019enfonce dans la pin\u00e8de, le sentier est recouvert d\u2019une \u00e9paisse couche d\u2019<strong>aiguilles de pins<\/strong>\u00a0qui cr\u00e9pitent sous mes pas. L\u2019odeur des\u00a0<strong>pins<\/strong>\u00a0chauff\u00e9s par le soleil m\u2019enveloppe de sa\u00a0<strong>douceur bois\u00e9e<\/strong>&#8230;\u2028 Je joins mes mains sous mon nez, je ferme les yeux et je m\u2019arr\u00eate un instant pour respirer la douce odeur de l\u2019\u00e9t\u00e9 dans le Midi. \u00ab\u00a0<\/em><\/p>\n<p style=\"text-align: justify;\"><strong>Le couvercle de faience en terres m\u00eal\u00e9es\u00a0a \u00e9t\u00e9 cr\u00e9\u00e9 avec l\u2019artiste\u00a0Pascale Mestre.\u00a0<\/strong><br \/>\nIl\u00a0refl\u00e8te les facettes du parfum\u00a0\u00e0 travers des\u00a0formes\u00a0et des\u00a0couleurs\u00a0minutieusement travaill\u00e9es.\u00a0\u00a0On retrouve le soleil aveuglant d\u2019une journ\u00e9e d\u2019\u00e9t\u00e9, la blancheur des roches calcaires, le bleu profond de la m\u00e9diterran\u00e9e, les aiguilles et les pommes de pins qui tapissent les chemins de leur cama\u00efeu de marrons \u2026 une terre qui sent le Midi de la France\u00a0!<br \/>\nChaque couvercle est\u00a0unique,\u00a0num\u00e9rot\u00e9\u00a0et\u00a0sign\u00e9\u00a0par l\u2019artiste.<\/p>\n","protected":false},"excerpt":{"rendered":"<p>Midi Eternel s&rsquo;inscrit dans l&rsquo;univers de SUL\u00c9K\u00d3 \u00c9T\u00c9. C&rsquo;est un parfum d&rsquo;int\u00e9rieur r\u00e9miniscence du Midi de la France, il raconte une promenade: \u00ab\u00a0Par une chaude apr\u00e8s-midi d\u2019\u00e9t\u00e9, je m\u2019en vais en promenade par un sentier longeant le littoral. Je marche seule, berc\u00e9e par le chant des cigales, le vent dans les pins et les vagues [&hellip;]<\/p>\n","protected":false},"author":2,"featured_media":1470,"parent":1473,"menu_order":5,"comment_status":"open","ping_status":"open","template":"","meta":[],"_links":{"self":[{"href":"https:\/\/suleko.com\/index.php?rest_route=\/wp\/v2\/pages\/1373"}],"collection":[{"href":"https:\/\/suleko.com\/index.php?rest_route=\/wp\/v2\/pages"}],"about":[{"href":"https:\/\/suleko.com\/index.php?rest_route=\/wp\/v2\/types\/page"}],"author":[{"embeddable":true,"href":"https:\/\/suleko.com\/index.php?rest_route=\/wp\/v2\/users\/2"}],"replies":[{"embeddable":true,"href":"https:\/\/suleko.com\/index.php?rest_route=%2Fwp%2Fv2%2Fcomments&post=1373"}],"version-history":[{"count":13,"href":"https:\/\/suleko.com\/index.php?rest_route=\/wp\/v2\/pages\/1373\/revisions"}],"predecessor-version":[{"id":1478,"href":"https:\/\/suleko.com\/index.php?rest_route=\/wp\/v2\/pages\/1373\/revisions\/1478"}],"up":[{"embeddable":true,"href":"https:\/\/suleko.com\/index.php?rest_route=\/wp\/v2\/pages\/1473"}],"wp:featuredmedia":[{"embeddable":true,"href":"https:\/\/suleko.com\/index.php?rest_route=\/wp\/v2\/media\/1470"}],"wp:attachment":[{"href":"https:\/\/suleko.com\/index.php?rest_route=%2Fwp%2Fv2%2Fmedia&parent=1373"}],"curies":[{"name":"wp","href":"https:\/\/api.w.org\/{rel}","templated":true}]}}