{"id":291,"date":"2013-04-30T20:40:48","date_gmt":"2013-04-30T18:40:48","guid":{"rendered":"http:\/\/suleko.com\/?page_id=291"},"modified":"2022-08-22T14:52:24","modified_gmt":"2022-08-22T12:52:24","slug":"latelier","status":"publish","type":"page","link":"https:\/\/suleko.com\/?page_id=291","title":{"rendered":"Paris"},"content":{"rendered":"<p style=\"text-align: justify;\">Sul\u00e9k\u00f3 vous accueille sur rendez-vous dans son Showroom du XVIIe arrondissement de Paris, un havre de paix, l\u2019exp\u00e9rience parisienne par excellence.<br \/>\nVous y d\u00e9couvrirez les parfums Sul\u00e9k\u00f3 dans une atmosphere conviviale et priv\u00e9e.<\/p>\n<p style=\"text-align: justify;\">Nous organisons \u00e9galement des Master Classes Parfum ; si vous souhaitez participer \u00e0 l\u2019une de nos Master Classes ou en privatiser une pour vous et vos ami(e)s, merci de bien vouloir nous contacter par email. Nos sessions durent deux heures et ces Master Classes sont disponibles en fran\u00e7ais, en anglais et en russe.<\/p>\n<p style=\"text-align: center;\">Sul\u00e9k\u00f3 Showroom<br \/>\n14, rue D\u00e9odat de S\u00e9verac<br \/>\n75017 Paris<br \/>\nFRANCE<br \/>\n+33 (0) 1 46 22 65 16<br \/>\ncontact@suleko.com<\/p>\n","protected":false},"excerpt":{"rendered":"<p>Sul\u00e9k\u00f3 vous accueille sur rendez-vous dans son Showroom du XVIIe arrondissement de Paris, un havre de paix, l\u2019exp\u00e9rience parisienne par excellence. Vous y d\u00e9couvrirez les parfums Sul\u00e9k\u00f3 dans une atmosphere conviviale et priv\u00e9e. Nous organisons \u00e9galement des Master Classes Parfum ; si vous souhaitez participer \u00e0 l\u2019une de nos Master Classes ou en privatiser une [&hellip;]<\/p>\n","protected":false},"author":1,"featured_media":0,"parent":11,"menu_order":1,"comment_status":"open","ping_status":"open","template":"","meta":[],"_links":{"self":[{"href":"https:\/\/suleko.com\/index.php?rest_route=\/wp\/v2\/pages\/291"}],"collection":[{"href":"https:\/\/suleko.com\/index.php?rest_route=\/wp\/v2\/pages"}],"about":[{"href":"https:\/\/suleko.com\/index.php?rest_route=\/wp\/v2\/types\/page"}],"author":[{"embeddable":true,"href":"https:\/\/suleko.com\/index.php?rest_route=\/wp\/v2\/users\/1"}],"replies":[{"embeddable":true,"href":"https:\/\/suleko.com\/index.php?rest_route=%2Fwp%2Fv2%2Fcomments&post=291"}],"version-history":[{"count":12,"href":"https:\/\/suleko.com\/index.php?rest_route=\/wp\/v2\/pages\/291\/revisions"}],"predecessor-version":[{"id":1549,"href":"https:\/\/suleko.com\/index.php?rest_route=\/wp\/v2\/pages\/291\/revisions\/1549"}],"up":[{"embeddable":true,"href":"https:\/\/suleko.com\/index.php?rest_route=\/wp\/v2\/pages\/11"}],"wp:attachment":[{"href":"https:\/\/suleko.com\/index.php?rest_route=%2Fwp%2Fv2%2Fmedia&parent=291"}],"curies":[{"name":"wp","href":"https:\/\/api.w.org\/{rel}","templated":true}]}}