{"id":46,"date":"2013-04-28T17:04:23","date_gmt":"2013-04-28T15:04:23","guid":{"rendered":"http:\/\/suleko.com\/?page_id=46"},"modified":"2016-04-22T21:06:10","modified_gmt":"2016-04-22T19:06:10","slug":"joelle-fevre-la-puissance-evocatrice-du-biscuit-de-porcelaine","status":"publish","type":"page","link":"https:\/\/suleko.com\/?page_id=46","title":{"rendered":"Jo\u00eblle F\u00e8vre"},"content":{"rendered":"<p>Jo\u00eblle travaille exclusivement la porcelaine depuis 20 ans.<br \/>\nElle aime la blancheur de cette argile qui lui permet de sculpter non seulement la terre mais aussi la lumi\u00e8re. Elle cherche \u00e0 la sublimer en jouant avec sa l\u00e9g\u00e8ret\u00e9 et sa translucidit\u00e9.<\/p>\n<p>Ainsi, ses \u0153uvres ne sont presque jamais \u00e9maill\u00e9es car l\u2019\u00e9mail lisse les d\u00e9tails et son toucher uniforme ne permet pas de v\u00e9hiculer toute la complexit\u00e9 de l\u2019\u0153uvre sculpt\u00e9e. Jo\u00eblle travaille sur un rendu \u00ab\u00a0biscuit,\u00a0\u00bb c\u2019est-\u00e0-dire, une porcelaine cuite sans \u00e9mail. Elle a le d\u00e9sir, l\u2019obsession d\u2019affiner une masse lourde, informe. Elle la creuse, la lisse, l\u2019affine, la rend douce par endroit, rugueuse et dure \u00e0 d\u2019autres. Elle travaille des jeux de textures et de lumi\u00e8re pour donner naissance \u00e0 des \u0153uvres que l\u2019on aime toucher, regarder, des \u0153uvres que l\u2019on ressent.<\/p>\n<p>Les sculptures de Jo\u00eblle F\u00e8vre sont de vraies \u0153uvres d\u2019art\u00a0; en s\u2019impr\u00e9gnant de l\u2019univers cr\u00e9\u00e9 par SUL\u00c9K\u00d3, elle transcende l\u2019objet pour cr\u00e9er de l\u2019\u00e9motion, pour lui apporter un suppl\u00e9ment d\u2019\u00e2me.<\/p>\n<p>Jo\u00eblle a travaill\u00e9 avec une petite manufacture de Limoges pour la production de ses oeuvres. Cette entreprise familiale, experte en l\u2019Art de la Porcelaine de Limoges, a obtenu le label <em>Entreprises du Patrimoine Vivant<\/em>\u00a0; elle travaille ce que l\u2019on appelle l\u2019or blanc dans le respect d\u2019une technique artisanale et d\u2019une tradition d\u2019excellence propres \u00e0 la porcelaine de Limoges, pour une porcelaine d\u2019une remarquable blancheur et translucidit\u00e9.<\/p>\n","protected":false},"excerpt":{"rendered":"<p>Jo\u00eblle travaille exclusivement la porcelaine depuis 20 ans. Elle aime la blancheur de cette argile qui lui permet de sculpter non seulement la terre mais aussi la lumi\u00e8re. Elle cherche \u00e0 la sublimer en jouant avec sa l\u00e9g\u00e8ret\u00e9 et sa translucidit\u00e9. Ainsi, ses \u0153uvres ne sont presque jamais \u00e9maill\u00e9es car l\u2019\u00e9mail lisse les d\u00e9tails et [&hellip;]<\/p>\n","protected":false},"author":1,"featured_media":122,"parent":9,"menu_order":2,"comment_status":"open","ping_status":"open","template":"","meta":[],"_links":{"self":[{"href":"https:\/\/suleko.com\/index.php?rest_route=\/wp\/v2\/pages\/46"}],"collection":[{"href":"https:\/\/suleko.com\/index.php?rest_route=\/wp\/v2\/pages"}],"about":[{"href":"https:\/\/suleko.com\/index.php?rest_route=\/wp\/v2\/types\/page"}],"author":[{"embeddable":true,"href":"https:\/\/suleko.com\/index.php?rest_route=\/wp\/v2\/users\/1"}],"replies":[{"embeddable":true,"href":"https:\/\/suleko.com\/index.php?rest_route=%2Fwp%2Fv2%2Fcomments&post=46"}],"version-history":[{"count":10,"href":"https:\/\/suleko.com\/index.php?rest_route=\/wp\/v2\/pages\/46\/revisions"}],"predecessor-version":[{"id":398,"href":"https:\/\/suleko.com\/index.php?rest_route=\/wp\/v2\/pages\/46\/revisions\/398"}],"up":[{"embeddable":true,"href":"https:\/\/suleko.com\/index.php?rest_route=\/wp\/v2\/pages\/9"}],"wp:featuredmedia":[{"embeddable":true,"href":"https:\/\/suleko.com\/index.php?rest_route=\/wp\/v2\/media\/122"}],"wp:attachment":[{"href":"https:\/\/suleko.com\/index.php?rest_route=%2Fwp%2Fv2%2Fmedia&parent=46"}],"curies":[{"name":"wp","href":"https:\/\/api.w.org\/{rel}","templated":true}]}}