{"id":48,"date":"2013-04-28T17:04:57","date_gmt":"2013-04-28T15:04:57","guid":{"rendered":"http:\/\/suleko.com\/?page_id=48"},"modified":"2013-05-03T20:52:46","modified_gmt":"2013-05-03T18:52:46","slug":"alain-fichot-et-la-magie-des-emaux-cristallins","status":"publish","type":"page","link":"https:\/\/suleko.com\/?page_id=48","title":{"rendered":"Alain Fichot"},"content":{"rendered":"<p>Alain Fichot travaille la terre depuis plus de 30 ans. Il a commenc\u00e9 par travailler le gr\u00e8s, mais tr\u00e8s rapidement toute son attention s\u2019est port\u00e9e sur la porcelaine et plus pr\u00e9cis\u00e9ment la recherche des gla\u00e7ures. Les gla\u00e7ures qu\u2019il affectionne particuli\u00e8rement sont des \u00e9maux cristallisants\u00a0qui ont connu un grand succ\u00e8s dans les ann\u00e9es 1900, notamment \u00e0 la manufacture de S\u00e8vres. Tomb\u00e9e en d\u00e9su\u00e9tude, cette technique rena\u00eet de ses cendres au sein de quelques ateliers contemporains.<\/p>\n<p>Les formes d\u2019Alain sont tr\u00e8s \u00e9pur\u00e9es\u00a0pour communiquer de la mani\u00e8re la plus essentielle l\u2019univers de SUL\u00c9K\u00d3 pour Dj\u00e9lem; elles servent de support aux \u00e9maux cristallins qui vont les habiller de cristaux aux couleurs changeantes. Une fois cuite une premi\u00e8re fois, \u00e0 basse temp\u00e9rature, la sculpture de porcelaine est tremp\u00e9e dans une gla\u00e7ure avant d\u2019\u00eatre cuite \u00e0 haute temp\u00e9rature.<\/p>\n<p>La gla\u00e7ure est compos\u00e9e de diff\u00e9rents oxydes m\u00e9talliques. La composition varie selon les couleurs souhait\u00e9es et les conditions de cuisson. Alain Fichot pr\u00e9pare une gla\u00e7ure \u00e0 base de zinc qu\u2019il cuit \u00e0 1260\u00b0C. Les cristaux naissent dans l\u2019\u00e9mail lorsqu\u2019il est en fusion sur la pi\u00e8ce, chaque composant de l\u2019\u00e9mail fond et la pi\u00e8ce est totalement recouverte de cette gla\u00e7ure liquide. Un refroidissement progressif du four va permettre aux cristaux de se d\u00e9velopper. Une stabilisation de la temp\u00e9rature va faire appara\u00eetre des aur\u00e9oles. Pour changer les couleurs et avoir un aspect nacr\u00e9, il faut changer l&rsquo;atmosph\u00e8re de cuisson en enfumant les pi\u00e8ces dans le four.<\/p>\n<p>L\u2019Art des \u00e9maux cristallins n\u00e9cessite patience et grande attention. Chaque objet est unique, les \u00e9maux se forment de mani\u00e8re quasi-magique, les couleurs se fondent les unes dans les autres chaque fois diff\u00e9remment.<\/p>\n","protected":false},"excerpt":{"rendered":"<p>Alain Fichot travaille la terre depuis plus de 30 ans. Il a commenc\u00e9 par travailler le gr\u00e8s, mais tr\u00e8s rapidement toute son attention s\u2019est port\u00e9e sur la porcelaine et plus pr\u00e9cis\u00e9ment la recherche des gla\u00e7ures. Les gla\u00e7ures qu\u2019il affectionne particuli\u00e8rement sont des \u00e9maux cristallisants\u00a0qui ont connu un grand succ\u00e8s dans les ann\u00e9es 1900, notamment \u00e0 [&hellip;]<\/p>\n","protected":false},"author":1,"featured_media":124,"parent":9,"menu_order":3,"comment_status":"open","ping_status":"open","template":"","meta":[],"_links":{"self":[{"href":"https:\/\/suleko.com\/index.php?rest_route=\/wp\/v2\/pages\/48"}],"collection":[{"href":"https:\/\/suleko.com\/index.php?rest_route=\/wp\/v2\/pages"}],"about":[{"href":"https:\/\/suleko.com\/index.php?rest_route=\/wp\/v2\/types\/page"}],"author":[{"embeddable":true,"href":"https:\/\/suleko.com\/index.php?rest_route=\/wp\/v2\/users\/1"}],"replies":[{"embeddable":true,"href":"https:\/\/suleko.com\/index.php?rest_route=%2Fwp%2Fv2%2Fcomments&post=48"}],"version-history":[{"count":7,"href":"https:\/\/suleko.com\/index.php?rest_route=\/wp\/v2\/pages\/48\/revisions"}],"predecessor-version":[{"id":442,"href":"https:\/\/suleko.com\/index.php?rest_route=\/wp\/v2\/pages\/48\/revisions\/442"}],"up":[{"embeddable":true,"href":"https:\/\/suleko.com\/index.php?rest_route=\/wp\/v2\/pages\/9"}],"wp:featuredmedia":[{"embeddable":true,"href":"https:\/\/suleko.com\/index.php?rest_route=\/wp\/v2\/media\/124"}],"wp:attachment":[{"href":"https:\/\/suleko.com\/index.php?rest_route=%2Fwp%2Fv2%2Fmedia&parent=48"}],"curies":[{"name":"wp","href":"https:\/\/api.w.org\/{rel}","templated":true}]}}