{"id":588,"date":"2013-06-16T17:22:25","date_gmt":"2013-06-16T15:22:25","guid":{"rendered":"http:\/\/suleko.com\/?page_id=588"},"modified":"2013-11-22T12:14:10","modified_gmt":"2013-11-22T11:14:10","slug":"lhistoire","status":"publish","type":"page","link":"https:\/\/suleko.com\/?page_id=588","title":{"rendered":"L&rsquo;HISTOIRE"},"content":{"rendered":"<p>Baba Yaga fait r\u00e9f\u00e9rence \u00e0 la sorci\u00e8re des contes russes. Tous les enfants connaissent cette effrayante sorci\u00e8re qui vit au fin fond d\u2019une for\u00eat sombre dans une maison sans portes ni fen\u00eatres, juch\u00e9e sur des pieds de poule. Tous redoutent de devoir un jour l\u2019affronter. Elle r\u00e8gne sur les bois et les animaux sauvages et se d\u00e9place dans un mortier, effa\u00e7ant toute trace de passage avec son balai. Une temp\u00eate annonce son arriv\u00e9e, un vent terrible se l\u00e8ve et siffle, les arbres g\u00e9missent, les feuilles tourbillonnent dans les airs\u2026<br \/>\nEt dans tous les contes, on retrouve la m\u00eame structure: un enfant martyris\u00e9 par sa mar\u00e2tre; son p\u00e8re ne se rend compte de rien et, un jour, l\u2019enfant se retrouve dans la for\u00eat, aux prises de l\u2019affreuse Baba Yaga. Il est terrifi\u00e9 et doit faire face. Il va puiser au fond de lui les forces pour l\u2019affronter. Courageux et malin, l\u2019enfant fait preuve d\u2019une force incroyable et malgr\u00e9 son jeune \u00e2ge, arrive \u00e0 d\u00e9jouer tous les plans de la Baba Yaga. Il rentre chez lui et fait \u00e9clater la v\u00e9rit\u00e9 aux yeux de son p\u00e8re. La mar\u00e2tre est chass\u00e9e. L\u2019enfant se sera ainsi affirm\u00e9 et vivra une vie heureuse.<\/p>\n<p>Mais cette Baba Yaga nous a t-elle jamais quitt\u00e9s ? N\u2019est-elle pas plut\u00f4t la personnification de cette force noire qui concentre toutes nos peurs, nos doutes et nos angoisses. Une force qui plane au-dessus de nos t\u00eates et que nous devons combattre si l\u2019on souhaite vivre plut\u00f4t que survivre. Elle repr\u00e9sente tout ce qui nous nuit, tout ce qui nous freine, tout ce qui nous ronge. Cette force grandit, nous bouscule, nous met au d\u00e9fi et un jour elle deviendra tellement puissante qu\u2019il nous faudra l\u2019affronter. Il faudra alors sortir de nos retranchements, affronter cette v\u00e9rit\u00e9, faire table rase du pass\u00e9 pour repartir sur des bases saines et renouer avec un environnement propice \u00e0 une vie meilleure.<\/p>\n","protected":false},"excerpt":{"rendered":"<p>Baba Yaga fait r\u00e9f\u00e9rence \u00e0 la sorci\u00e8re des contes russes. Tous les enfants connaissent cette effrayante sorci\u00e8re qui vit au fin fond d\u2019une for\u00eat sombre dans une maison sans portes ni fen\u00eatres, juch\u00e9e sur des pieds de poule. Tous redoutent de devoir un jour l\u2019affronter. Elle r\u00e8gne sur les bois et les animaux sauvages et [&hellip;]<\/p>\n","protected":false},"author":2,"featured_media":0,"parent":584,"menu_order":1,"comment_status":"open","ping_status":"open","template":"page-parfum.php","meta":[],"_links":{"self":[{"href":"https:\/\/suleko.com\/index.php?rest_route=\/wp\/v2\/pages\/588"}],"collection":[{"href":"https:\/\/suleko.com\/index.php?rest_route=\/wp\/v2\/pages"}],"about":[{"href":"https:\/\/suleko.com\/index.php?rest_route=\/wp\/v2\/types\/page"}],"author":[{"embeddable":true,"href":"https:\/\/suleko.com\/index.php?rest_route=\/wp\/v2\/users\/2"}],"replies":[{"embeddable":true,"href":"https:\/\/suleko.com\/index.php?rest_route=%2Fwp%2Fv2%2Fcomments&post=588"}],"version-history":[{"count":16,"href":"https:\/\/suleko.com\/index.php?rest_route=\/wp\/v2\/pages\/588\/revisions"}],"predecessor-version":[{"id":592,"href":"https:\/\/suleko.com\/index.php?rest_route=\/wp\/v2\/pages\/588\/revisions\/592"}],"up":[{"embeddable":true,"href":"https:\/\/suleko.com\/index.php?rest_route=\/wp\/v2\/pages\/584"}],"wp:attachment":[{"href":"https:\/\/suleko.com\/index.php?rest_route=%2Fwp%2Fv2%2Fmedia&parent=588"}],"curies":[{"name":"wp","href":"https:\/\/api.w.org\/{rel}","templated":true}]}}