{"id":962,"date":"2014-11-14T18:09:12","date_gmt":"2014-11-14T17:09:12","guid":{"rendered":"http:\/\/suleko.com\/?page_id=962"},"modified":"2016-08-11T00:06:53","modified_gmt":"2016-08-10T22:06:53","slug":"parfum-dambre-bruxelles","status":"publish","type":"page","link":"https:\/\/suleko.com\/?page_id=962","title":{"rendered":"BRUXELLES"},"content":{"rendered":"<p>PARFUM D\u2019AMBRE c\u2019est avant tout un couple passionn\u00e9 par la Beaut\u00e9. Hubert et Olga d\u00e9couvrent des talents et les d\u00e9voilent au sein de leur boutique boudoir, un havre de paix propice au r\u00eave et \u00e0 l\u2019\u00e9motion !<\/p>\n<p style=\"text-align: left;\"><strong>PARFUM D\u2019AMBRE<\/strong><br \/>\n45, rue du Bailli<br \/>\n1050 Bruxelles<br \/>\nBELGIQUE<br \/>\n+32 2 852 50 37<\/p>\n<p style=\"text-align: left;\">Ouvert le lundi de 14h \u00e0 19h<br \/>\nOuvert du mardi au samedi de 10h \u00e0 19h.<\/p>\n","protected":false},"excerpt":{"rendered":"<p>PARFUM D\u2019AMBRE c\u2019est avant tout un couple passionn\u00e9 par la Beaut\u00e9. Hubert et Olga d\u00e9couvrent des talents et les d\u00e9voilent au sein de leur boutique boudoir, un havre de paix propice au r\u00eave et \u00e0 l\u2019\u00e9motion ! PARFUM D\u2019AMBRE 45, rue du Bailli 1050 Bruxelles BELGIQUE +32 2 852 50 37 Ouvert le lundi de [&hellip;]<\/p>\n","protected":false},"author":2,"featured_media":957,"parent":11,"menu_order":5,"comment_status":"open","ping_status":"open","template":"","meta":[],"_links":{"self":[{"href":"https:\/\/suleko.com\/index.php?rest_route=\/wp\/v2\/pages\/962"}],"collection":[{"href":"https:\/\/suleko.com\/index.php?rest_route=\/wp\/v2\/pages"}],"about":[{"href":"https:\/\/suleko.com\/index.php?rest_route=\/wp\/v2\/types\/page"}],"author":[{"embeddable":true,"href":"https:\/\/suleko.com\/index.php?rest_route=\/wp\/v2\/users\/2"}],"replies":[{"embeddable":true,"href":"https:\/\/suleko.com\/index.php?rest_route=%2Fwp%2Fv2%2Fcomments&post=962"}],"version-history":[{"count":8,"href":"https:\/\/suleko.com\/index.php?rest_route=\/wp\/v2\/pages\/962\/revisions"}],"predecessor-version":[{"id":1362,"href":"https:\/\/suleko.com\/index.php?rest_route=\/wp\/v2\/pages\/962\/revisions\/1362"}],"up":[{"embeddable":true,"href":"https:\/\/suleko.com\/index.php?rest_route=\/wp\/v2\/pages\/11"}],"wp:featuredmedia":[{"embeddable":true,"href":"https:\/\/suleko.com\/index.php?rest_route=\/wp\/v2\/media\/957"}],"wp:attachment":[{"href":"https:\/\/suleko.com\/index.php?rest_route=%2Fwp%2Fv2%2Fmedia&parent=962"}],"curies":[{"name":"wp","href":"https:\/\/api.w.org\/{rel}","templated":true}]}}